{"id":8,"date":"2020-10-24T11:07:44","date_gmt":"2020-10-24T11:07:44","guid":{"rendered":"http:\/\/wolfsa.es\/blog\/?page_id=8"},"modified":"2020-12-02T09:45:39","modified_gmt":"2020-12-02T09:45:39","slug":"contacto","status":"publish","type":"page","link":"https:\/\/wolfsa.es\/blog\/contacto\/","title":{"rendered":"Contacto"},"content":{"rendered":"\t\t<div data-elementor-type=\"wp-page\" data-elementor-id=\"8\" class=\"elementor elementor-8\">\n\t\t\t\t\t\t<section class=\"elementor-section elementor-top-section elementor-element elementor-element-2527a406 elementor-section-full_width elementor-section-height-default elementor-section-height-default\" data-id=\"2527a406\" data-element_type=\"section\">\n\t\t\t\t\t\t<div class=\"elementor-container elementor-column-gap-default\">\n\t\t\t\t\t<div class=\"elementor-column elementor-col-100 elementor-top-column elementor-element elementor-element-11f026ae\" data-id=\"11f026ae\" data-element_type=\"column\">\n\t\t\t<div class=\"elementor-widget-wrap elementor-element-populated\">\n\t\t\t\t\t\t<div class=\"elementor-element elementor-element-1f4cb3b elementor-position-top elementor-invisible elementor-widget elementor-widget-image-box\" data-id=\"1f4cb3b\" data-element_type=\"widget\" data-settings=\"{&quot;_animation&quot;:&quot;bounce&quot;}\" data-widget_type=\"image-box.default\">\n\t\t\t\t<div class=\"elementor-widget-container\">\n\t\t\t\t\t<div class=\"elementor-image-box-wrapper\"><figure class=\"elementor-image-box-img\"><img fetchpriority=\"high\" decoding=\"async\" width=\"978\" height=\"357\" src=\"https:\/\/wolfsa.es\/blog\/wp-content\/uploads\/2020\/12\/Banner.jpg\" class=\"attachment-full size-full wp-image-191\" alt=\"\" srcset=\"https:\/\/wolfsa.es\/blog\/wp-content\/uploads\/2020\/12\/Banner.jpg 978w, https:\/\/wolfsa.es\/blog\/wp-content\/uploads\/2020\/12\/Banner-300x110.jpg 300w, https:\/\/wolfsa.es\/blog\/wp-content\/uploads\/2020\/12\/Banner-768x280.jpg 768w\" sizes=\"(max-width: 978px) 100vw, 978px\" \/><\/figure><div class=\"elementor-image-box-content\"><h3 class=\"elementor-image-box-title\">Somos WOLFSA<\/h3><p class=\"elementor-image-box-description\">Desarrollo de Apps y P\u00e1ginas Web\n\n<b>DESARROLLA TU APP Y WEB CON NOSOTROS<\/b><br><b>\n\n<\/b>Te asesoramos, desarrollamos tus ideas, dise\u00f1amos soluciones \u00fanicas y personalizadas. Gestionamos tu proyecto, desde el an\u00e1lisis de requisitos, dise\u00f1o gr\u00e1fico, implementaci\u00f3n y desarrollo, posicionamiento, accesibilidad, test de calidad, mantenimiento, etc.<\/p><\/div><\/div>\t\t\t\t<\/div>\n\t\t\t\t<\/div>\n\t\t\t\t<div class=\"elementor-element elementor-element-0ac4857 elementor-widget-divider--view-line elementor-widget elementor-widget-divider\" data-id=\"0ac4857\" data-element_type=\"widget\" data-widget_type=\"divider.default\">\n\t\t\t\t<div class=\"elementor-widget-container\">\n\t\t\t\t\t\t\t<div class=\"elementor-divider\">\n\t\t\t<span class=\"elementor-divider-separator\">\n\t\t\t\t\t\t<\/span>\n\t\t<\/div>\n\t\t\t\t\t\t<\/div>\n\t\t\t\t<\/div>\n\t\t\t\t<div class=\"elementor-element elementor-element-576d7d38 elementor-invisible elementor-widget elementor-widget-text-editor\" data-id=\"576d7d38\" data-element_type=\"widget\" data-settings=\"{&quot;_animation&quot;:&quot;fadeIn&quot;}\" data-widget_type=\"text-editor.default\">\n\t\t\t\t<div class=\"elementor-widget-container\">\n\t\t\t\t\t\t\t\t\t<p><\/p>\n<h1>\u00a0DATOS DE CONTACTO<\/h1>\n<p>\u00a0Calle Kript\u00f3n, 11, 47012, Valladolid<br \/>Tel\u00e9fono: 983 50 78 66<br \/>Provincia: Valladolid<br \/>Mail: info@wolfsa.es<b style=\"color: var( --e-global-color-text ); font-family: var( --e-global-typography-text-font-family ), Sans-serif;\"><br \/><\/b><\/p>\n<p><\/p>\t\t\t\t\t\t\t\t<\/div>\n\t\t\t\t<\/div>\n\t\t\t\t<div class=\"elementor-element elementor-element-89826c3 elementor-widget elementor-widget-google_maps\" data-id=\"89826c3\" data-element_type=\"widget\" data-widget_type=\"google_maps.default\">\n\t\t\t\t<div class=\"elementor-widget-container\">\n\t\t\t\t\t\t\t<div class=\"elementor-custom-embed\">\n\t\t\t<iframe loading=\"lazy\"\n\t\t\t\t\tsrc=\"https:\/\/maps.google.com\/maps?q=astibot%20valladolid&#038;t=m&#038;z=15&#038;output=embed&#038;iwloc=near\"\n\t\t\t\t\ttitle=\"astibot valladolid\"\n\t\t\t\t\taria-label=\"astibot valladolid\"\n\t\t\t><\/iframe>\n\t\t<\/div>\n\t\t\t\t\t\t<\/div>\n\t\t\t\t<\/div>\n\t\t\t\t\t<\/div>\n\t\t<\/div>\n\t\t\t\t\t<\/div>\n\t\t<\/section>\n\t\t\t\t<\/div>\n\t\t","protected":false},"excerpt":{"rendered":"<p>Somos WOLFSA Desarrollo de Apps y P\u00e1ginas Web DESARROLLA TU APP Y WEB CON NOSOTROS Te asesoramos, desarrollamos tus ideas, dise\u00f1amos soluciones \u00fanicas y personalizadas. Gestionamos tu proyecto, desde el an\u00e1lisis de requisitos, dise\u00f1o gr\u00e1fico, implementaci\u00f3n y desarrollo, posicionamiento, accesibilidad, test de calidad, mantenimiento, etc. \u00a0DATOS DE CONTACTO \u00a0Calle Kript\u00f3n, 11, 47012, ValladolidTel\u00e9fono: 983 50 [&hellip;]<\/p>\n","protected":false},"author":1,"featured_media":0,"parent":0,"menu_order":0,"comment_status":"closed","ping_status":"closed","template":"","meta":{"footnotes":""},"class_list":["post-8","page","type-page","status-publish","hentry"],"_links":{"self":[{"href":"https:\/\/wolfsa.es\/blog\/wp-json\/wp\/v2\/pages\/8","targetHints":{"allow":["GET"]}}],"collection":[{"href":"https:\/\/wolfsa.es\/blog\/wp-json\/wp\/v2\/pages"}],"about":[{"href":"https:\/\/wolfsa.es\/blog\/wp-json\/wp\/v2\/types\/page"}],"author":[{"embeddable":true,"href":"https:\/\/wolfsa.es\/blog\/wp-json\/wp\/v2\/users\/1"}],"replies":[{"embeddable":true,"href":"https:\/\/wolfsa.es\/blog\/wp-json\/wp\/v2\/comments?post=8"}],"version-history":[{"count":32,"href":"https:\/\/wolfsa.es\/blog\/wp-json\/wp\/v2\/pages\/8\/revisions"}],"predecessor-version":[{"id":245,"href":"https:\/\/wolfsa.es\/blog\/wp-json\/wp\/v2\/pages\/8\/revisions\/245"}],"wp:attachment":[{"href":"https:\/\/wolfsa.es\/blog\/wp-json\/wp\/v2\/media?parent=8"}],"curies":[{"name":"wp","href":"https:\/\/api.w.org\/{rel}","templated":true}]}}